{"id":270,"date":"2013-08-29T00:02:25","date_gmt":"2013-08-28T22:02:25","guid":{"rendered":"http:\/\/bt-components.com\/?page_id=270"},"modified":"2024-09-16T15:53:14","modified_gmt":"2024-09-16T13:53:14","slug":"haendler-werden","status":"publish","type":"page","link":"https:\/\/barrel-trading.com\/en\/haendler-werden\/","title":{"rendered":"become reseller"},"content":{"rendered":"<p>Our high-quality and constantly growing range of products is the perfect addition to your portfolio.<\/p>\n<p>Our products are used in industry, the private sector, road construction, agriculture, horticulture and the transportation industry and are therefore needed everywhere.<br \/>It is easy to get hold of IBC tanks, but finding the right accessories in the right quality is difficult.<\/p>\n<p>This is where Barrel Trading comes in. With the innovative strength of a young, fast-growing company, we develop and produce some of our products ourselves and have a broad product range of the highest quality.<\/p>\n<p>Your opportunities by becoming a reseller<\/p>\n<ul>\n<li>You have products that are needed in every sector, whether in industry, road construction, agriculture, transportation or gardening<\/li>\n<li>With our POS display, you have the chance to generate up to \u20ac6,000 in sales per year on 0.25m\u00b2<\/li>\n<li>Enter the market for products that are not yet available on every corner and stand out from the crowd<\/li>\n<\/ul>\n<p>Our product catalog offers you a good overview and if we have aroused your interest, please do not hesitate to contact us. Our trained staff will provide you with expert advice on all questions relating to our range.<\/p>\n<p>The best way to make an inquiry is to use our contact form.<\/p>\n<p>Thank you for your interest.<\/p>\n<p>Your team of Barrel Trading GmbH &amp; Co. KG<\/p>\n\n\n<hr class=\"wp-block-separator has-css-opacity\"\/>\n\n\n\n<div class=\"wp-block-contact-form-7-contact-form-selector\">\n<div class=\"wpcf7 no-js\" id=\"wpcf7-f1648-o1\" lang=\"de-DE\" dir=\"ltr\" data-wpcf7-id=\"1648\">\n<div class=\"screen-reader-response\"><p role=\"status\" aria-live=\"polite\" aria-atomic=\"true\"><\/p> <ul><\/ul><\/div>\n<form action=\"\/en\/wp-json\/wp\/v2\/pages\/270#wpcf7-f1648-o1\" method=\"post\" class=\"wpcf7-form init\" aria-label=\"Kontaktformular\" novalidate=\"novalidate\" data-status=\"init\" data-trp-original-action=\"\/en\/wp-json\/wp\/v2\/pages\/270#wpcf7-f1648-o1\">\n<fieldset class=\"hidden-fields-container\"><input type=\"hidden\" name=\"_wpcf7\" value=\"1648\" \/><input type=\"hidden\" name=\"_wpcf7_version\" value=\"6.1.5\" \/><input type=\"hidden\" name=\"_wpcf7_locale\" value=\"de_DE\" \/><input type=\"hidden\" name=\"_wpcf7_unit_tag\" value=\"wpcf7-f1648-o1\" \/><input type=\"hidden\" name=\"_wpcf7_container_post\" value=\"0\" \/><input type=\"hidden\" name=\"_wpcf7_posted_data_hash\" value=\"\" \/><input type=\"hidden\" name=\"_wpcf7_recaptcha_response\" value=\"\" \/>\n<\/fieldset>\n<p><label> Company (mandatory)<br \/>\n<span class=\"wpcf7-form-control-wrap\" data-name=\"company\"><input size=\"40\" maxlength=\"400\" class=\"wpcf7-form-control wpcf7-text wpcf7-validates-as-required\" aria-required=\"true\" aria-invalid=\"false\" value=\"\" type=\"text\" name=\"company\" \/><\/span> <\/label>\n<\/p>\n<p><label> Contact person (mandatory)<br \/>\n<span class=\"wpcf7-form-control-wrap\" data-name=\"your-name\"><input size=\"40\" maxlength=\"400\" class=\"wpcf7-form-control wpcf7-text wpcf7-validates-as-required\" aria-required=\"true\" aria-invalid=\"false\" value=\"\" type=\"text\" name=\"your-name\" \/><\/span> <\/label>\n<\/p>\n<p><label> E-mail address (mandatory)<br \/>\n<span class=\"wpcf7-form-control-wrap\" data-name=\"your-email\"><input size=\"40\" maxlength=\"400\" class=\"wpcf7-form-control wpcf7-email wpcf7-validates-as-required wpcf7-text wpcf7-validates-as-email\" aria-required=\"true\" aria-invalid=\"false\" value=\"\" type=\"email\" name=\"your-email\" \/><\/span> <\/label>\n<\/p>\n<p><label> Telephone no. (optional)<br \/>\n<span class=\"wpcf7-form-control-wrap\" data-name=\"phone\"><input size=\"40\" maxlength=\"400\" class=\"wpcf7-form-control wpcf7-tel wpcf7-text wpcf7-validates-as-tel\" aria-invalid=\"false\" value=\"\" type=\"tel\" name=\"phone\" \/><\/span> <\/label>\n<\/p>\n<p><label> Subject (mandatory)<br \/>\n<span class=\"wpcf7-form-control-wrap\" data-name=\"your-subject\"><input size=\"40\" maxlength=\"400\" class=\"wpcf7-form-control wpcf7-text wpcf7-validates-as-required\" aria-required=\"true\" aria-invalid=\"false\" value=\"\" type=\"text\" name=\"your-subject\" \/><\/span> <\/label>\n<\/p>\n<p><label> Your message (mandatory)<br \/>\n<span class=\"wpcf7-form-control-wrap\" data-name=\"your-message\"><textarea cols=\"40\" rows=\"10\" maxlength=\"2000\" class=\"wpcf7-form-control wpcf7-textarea\" aria-invalid=\"false\" name=\"your-message\"><\/textarea><\/span> <\/label>\n<\/p>\n<p><label> Data protection<br \/>\n<span class=\"wpcf7-form-control-wrap\" data-name=\"data-privacy\"><span class=\"wpcf7-form-control wpcf7-acceptance\"><span class=\"wpcf7-list-item\"><label><input type=\"checkbox\" name=\"data-privacy\" value=\"1\" aria-invalid=\"false\" \/><span class=\"wpcf7-list-item-label\">I have read the <a href=\"\/en\/datenschutz\/\" target=\"_blank\">Data protection policy<\/a> and accept them<\/span><\/label><\/span><\/span><\/span> <\/label><br \/>\n<input class=\"wpcf7-form-control wpcf7-submit has-spinner\" type=\"submit\" value=\"send\" \/>\n<\/p><div class=\"wpcf7-response-output\" aria-hidden=\"true\"><\/div>\n<input type=\"hidden\" name=\"trp-form-language\" value=\"en\"\/><\/form>\n<\/div>\n<\/div>\n\n\n\n<p><\/p>","protected":false},"excerpt":{"rendered":"<p>Unsere hochwertige und st\u00e4ndig wachsende Sortimentspalette ist die perfekte Erweiterung f\u00fcr Ihr Portfolio. Unsere Produkte kommen in der Industrie, Privat, Stra\u00dfenbau, Landwirtschaft, Gartenbau sowie im Transportgewerbe zum Einsatz und werden &#8230;<\/p>","protected":false},"author":1,"featured_media":0,"parent":0,"menu_order":0,"comment_status":"closed","ping_status":"closed","template":"template-fullwidth.php","meta":{"footnotes":""},"class_list":["post-270","page","type-page","status-publish","hentry"],"yoast_head":"<!-- This site is optimized with the Yoast SEO plugin v27.5 - https:\/\/yoast.com\/product\/yoast-seo-wordpress\/ -->\n<title>H\u00e4ndler werden | Barrel Trading GmbH &amp; Co. KG<\/title>\n<meta name=\"robots\" content=\"noindex, nofollow\" \/>\n<meta name=\"twitter:label1\" content=\"Est. reading time\" \/>\n\t<meta name=\"twitter:data1\" content=\"2 minutes\" \/>\n<script type=\"application\/ld+json\" class=\"yoast-schema-graph\">{\"@context\":\"https:\\\/\\\/schema.org\",\"@graph\":[{\"@type\":\"WebPage\",\"@id\":\"https:\\\/\\\/barrel-trading.com\\\/haendler-werden\\\/\",\"url\":\"https:\\\/\\\/barrel-trading.com\\\/haendler-werden\\\/\",\"name\":\"H\u00e4ndler werden | Barrel Trading GmbH &amp; Co. KG\",\"isPartOf\":{\"@id\":\"https:\\\/\\\/barrel-trading.com\\\/#website\"},\"datePublished\":\"2013-08-28T22:02:25+00:00\",\"dateModified\":\"2024-09-16T13:53:14+00:00\",\"breadcrumb\":{\"@id\":\"https:\\\/\\\/barrel-trading.com\\\/haendler-werden\\\/#breadcrumb\"},\"inLanguage\":\"en-US\",\"potentialAction\":[{\"@type\":\"ReadAction\",\"target\":[\"https:\\\/\\\/barrel-trading.com\\\/haendler-werden\\\/\"]}]},{\"@type\":\"BreadcrumbList\",\"@id\":\"https:\\\/\\\/barrel-trading.com\\\/haendler-werden\\\/#breadcrumb\",\"itemListElement\":[{\"@type\":\"ListItem\",\"position\":1,\"name\":\"Home\",\"item\":\"https:\\\/\\\/barrel-trading.com\\\/\"},{\"@type\":\"ListItem\",\"position\":2,\"name\":\"H\u00e4ndler werden\"}]},{\"@type\":\"WebSite\",\"@id\":\"https:\\\/\\\/barrel-trading.com\\\/#website\",\"url\":\"https:\\\/\\\/barrel-trading.com\\\/\",\"name\":\"Barrel Trading GmbH &amp; Co. KG\",\"description\":\"Gro\u00dfhandel f\u00fcr IBC Tanks &amp; IBC Zubeh\u00f6r: Wir bieten Ihnen ein gro\u00dfes Sortiment an IBC Tanks und IBC Zubeh\u00f6r, wie IBC Adapter, IBC Schlauchanschl\u00fcsse, IBC Auslaufstutzen, IBC UV-Folie uvm.\",\"publisher\":{\"@id\":\"https:\\\/\\\/barrel-trading.com\\\/#organization\"},\"potentialAction\":[{\"@type\":\"SearchAction\",\"target\":{\"@type\":\"EntryPoint\",\"urlTemplate\":\"https:\\\/\\\/barrel-trading.com\\\/?s={search_term_string}\"},\"query-input\":{\"@type\":\"PropertyValueSpecification\",\"valueRequired\":true,\"valueName\":\"search_term_string\"}}],\"inLanguage\":\"en-US\"},{\"@type\":\"Organization\",\"@id\":\"https:\\\/\\\/barrel-trading.com\\\/#organization\",\"name\":\"Barrel Trading GmbH &amp; Co. KG\",\"url\":\"https:\\\/\\\/barrel-trading.com\\\/\",\"logo\":{\"@type\":\"ImageObject\",\"inLanguage\":\"en-US\",\"@id\":\"https:\\\/\\\/barrel-trading.com\\\/#\\\/schema\\\/logo\\\/image\\\/\",\"url\":\"https:\\\/\\\/barrel-trading.com\\\/wp-content\\\/uploads\\\/2017\\\/11\\\/LOGO-BTol1.svg\",\"contentUrl\":\"https:\\\/\\\/barrel-trading.com\\\/wp-content\\\/uploads\\\/2017\\\/11\\\/LOGO-BTol1.svg\",\"caption\":\"Barrel Trading GmbH &amp; Co. KG\"},\"image\":{\"@id\":\"https:\\\/\\\/barrel-trading.com\\\/#\\\/schema\\\/logo\\\/image\\\/\"}}]}<\/script>\n<!-- \/ Yoast SEO plugin. -->","yoast_head_json":{"title":"H\u00e4ndler werden | Barrel Trading GmbH &amp; Co. KG","robots":{"index":"noindex","follow":"nofollow"},"twitter_misc":{"Est. reading time":"2 minutes"},"schema":{"@context":"https:\/\/schema.org","@graph":[{"@type":"WebPage","@id":"https:\/\/barrel-trading.com\/haendler-werden\/","url":"https:\/\/barrel-trading.com\/haendler-werden\/","name":"H\u00e4ndler werden | Barrel Trading GmbH &amp; Co. KG","isPartOf":{"@id":"https:\/\/barrel-trading.com\/#website"},"datePublished":"2013-08-28T22:02:25+00:00","dateModified":"2024-09-16T13:53:14+00:00","breadcrumb":{"@id":"https:\/\/barrel-trading.com\/haendler-werden\/#breadcrumb"},"inLanguage":"en-US","potentialAction":[{"@type":"ReadAction","target":["https:\/\/barrel-trading.com\/haendler-werden\/"]}]},{"@type":"BreadcrumbList","@id":"https:\/\/barrel-trading.com\/haendler-werden\/#breadcrumb","itemListElement":[{"@type":"ListItem","position":1,"name":"Home","item":"https:\/\/barrel-trading.com\/"},{"@type":"ListItem","position":2,"name":"H\u00e4ndler werden"}]},{"@type":"WebSite","@id":"https:\/\/barrel-trading.com\/#website","url":"https:\/\/barrel-trading.com\/","name":"Barrel Trading GmbH &amp; Co. KG","description":"Gro\u00dfhandel f\u00fcr IBC Tanks &amp; IBC Zubeh\u00f6r: Wir bieten Ihnen ein gro\u00dfes Sortiment an IBC Tanks und IBC Zubeh\u00f6r, wie IBC Adapter, IBC Schlauchanschl\u00fcsse, IBC Auslaufstutzen, IBC UV-Folie uvm.","publisher":{"@id":"https:\/\/barrel-trading.com\/#organization"},"potentialAction":[{"@type":"SearchAction","target":{"@type":"EntryPoint","urlTemplate":"https:\/\/barrel-trading.com\/?s={search_term_string}"},"query-input":{"@type":"PropertyValueSpecification","valueRequired":true,"valueName":"search_term_string"}}],"inLanguage":"en-US"},{"@type":"Organization","@id":"https:\/\/barrel-trading.com\/#organization","name":"Barrel Trading GmbH &amp; Co. KG","url":"https:\/\/barrel-trading.com\/","logo":{"@type":"ImageObject","inLanguage":"en-US","@id":"https:\/\/barrel-trading.com\/#\/schema\/logo\/image\/","url":"https:\/\/barrel-trading.com\/wp-content\/uploads\/2017\/11\/LOGO-BTol1.svg","contentUrl":"https:\/\/barrel-trading.com\/wp-content\/uploads\/2017\/11\/LOGO-BTol1.svg","caption":"Barrel Trading GmbH &amp; Co. KG"},"image":{"@id":"https:\/\/barrel-trading.com\/#\/schema\/logo\/image\/"}}]}},"jetpack_sharing_enabled":true,"_links":{"self":[{"href":"https:\/\/barrel-trading.com\/en\/wp-json\/wp\/v2\/pages\/270","targetHints":{"allow":["GET"]}}],"collection":[{"href":"https:\/\/barrel-trading.com\/en\/wp-json\/wp\/v2\/pages"}],"about":[{"href":"https:\/\/barrel-trading.com\/en\/wp-json\/wp\/v2\/types\/page"}],"author":[{"embeddable":true,"href":"https:\/\/barrel-trading.com\/en\/wp-json\/wp\/v2\/users\/1"}],"replies":[{"embeddable":true,"href":"https:\/\/barrel-trading.com\/en\/wp-json\/wp\/v2\/comments?post=270"}],"version-history":[{"count":12,"href":"https:\/\/barrel-trading.com\/en\/wp-json\/wp\/v2\/pages\/270\/revisions"}],"predecessor-version":[{"id":2052,"href":"https:\/\/barrel-trading.com\/en\/wp-json\/wp\/v2\/pages\/270\/revisions\/2052"}],"wp:attachment":[{"href":"https:\/\/barrel-trading.com\/en\/wp-json\/wp\/v2\/media?parent=270"}],"curies":[{"name":"wp","href":"https:\/\/api.w.org\/{rel}","templated":true}]}}