{"id":236,"date":"2013-08-28T20:00:12","date_gmt":"2013-08-28T18:00:12","guid":{"rendered":"http:\/\/bt-components.com\/?page_id=236"},"modified":"2023-10-24T10:41:54","modified_gmt":"2023-10-24T08:41:54","slug":"impressum","status":"publish","type":"page","link":"https:\/\/barrel-trading.com\/en\/impressum\/","title":{"rendered":"Imprint"},"content":{"rendered":"<p>Barrel Trading GmbH &amp; Co. KG<br \/>\nWaag\u00e4ckerstr. 14<br \/>\n74405 Gaildorf<br \/>\nDeutschland<\/p>\n<p>Tel.: 07971-964996<br \/>\nFax: 07971-964997<br \/>\nE-Mail: shop@barrel-trading.com<\/p>\n<p>Registergericht: Stuttgart<br \/>\nRegisternummer: HRA 724879<\/p>\n<p>Vertretungsberechtigte Gesellschafterin (Komplement\u00e4rin): Barrel Trading Administration GmbH, Registergericht: Stuttgart, Registernummer: HRB 732686, ihrerseits vertreten durch die Gesch\u00e4ftsf\u00fchrer\/in: Andreas Bauer<\/p>\n<p>Umsatzsteuer-Identifikationsnummer: DE270155004<\/p>\n<p>WEEE-Reg.-Nr. DE 52608587<br \/>\nInformationspflichten gem\u00e4\u00df \u00a718 Abs. 4 Satz 3 ElektroG:<br \/>\n<a href=\"https:\/\/www.bmuv.de\/themen\/wasser-ressourcen-abfall\/kreislaufwirtschaft\/statistiken\/elektro-und-elektronikaltgeraete\" target=\"_blank\" rel=\"noopener\">https:\/\/www.bmuv.de\/themen\/wasser-ressourcen-abfall\/kreislaufwirtschaft\/statistiken\/elektro-und-elektronikaltgeraete<\/a><\/p>\n<p>Verantwortliche\/r i.S.d. \u00a7 18 Abs. 2 MStV:<br \/>\nAndreas Bauer, Waag\u00e4ckerstr. 14, 74405 Gaildorf<\/p>\n<p>Plattform der EU-Kommission zur Online-Streitbeilegung:\u00a0<a href=\"https:\/\/ec.europa.eu\/odr\" target=\"_blank\" rel=\"noopener\">https:\/\/ec.europa.eu\/odr<\/a><\/p>\n<p>Wir sind zur Teilnahme an einem Streitbeilegungsverfahren vor einer Verbraucherschlichtungsstelle weder verpflichtet noch bereit.<\/p>","protected":false},"excerpt":{"rendered":"<p>Barrel Trading GmbH &amp; Co. KG Waag\u00e4ckerstr. 14 74405 Gaildorf Deutschland Tel.: 07971-964996 Fax: 07971-964997 E-Mail: shop@barrel-trading.com Registergericht: Stuttgart Registernummer: HRA 724879 Vertretungsberechtigte Gesellschafterin (Komplement\u00e4rin): Barrel Trading Administration GmbH, Registergericht: &#8230;<\/p>","protected":false},"author":1,"featured_media":0,"parent":0,"menu_order":0,"comment_status":"closed","ping_status":"closed","template":"template-fullwidth.php","meta":{"footnotes":""},"class_list":["post-236","page","type-page","status-publish","hentry"],"yoast_head":"<!-- This site is optimized with the Yoast SEO plugin v27.4 - https:\/\/yoast.com\/product\/yoast-seo-wordpress\/ -->\n<title>Impressum | Barrel Trading GmbH &amp; Co. KG<\/title>\n<meta name=\"robots\" content=\"index, follow, max-snippet:-1, max-image-preview:large, max-video-preview:-1\" \/>\n<link rel=\"canonical\" href=\"https:\/\/barrel-trading.com\/en\/impressum\/\" \/>\n<meta name=\"twitter:label1\" content=\"Est. reading time\" \/>\n\t<meta name=\"twitter:data1\" content=\"1 minute\" \/>\n<script type=\"application\/ld+json\" class=\"yoast-schema-graph\">{\"@context\":\"https:\\\/\\\/schema.org\",\"@graph\":[{\"@type\":\"WebPage\",\"@id\":\"https:\\\/\\\/barrel-trading.com\\\/impressum\\\/\",\"url\":\"https:\\\/\\\/barrel-trading.com\\\/impressum\\\/\",\"name\":\"Impressum | Barrel Trading GmbH &amp; Co. KG\",\"isPartOf\":{\"@id\":\"https:\\\/\\\/barrel-trading.com\\\/#website\"},\"datePublished\":\"2013-08-28T18:00:12+00:00\",\"dateModified\":\"2023-10-24T08:41:54+00:00\",\"breadcrumb\":{\"@id\":\"https:\\\/\\\/barrel-trading.com\\\/impressum\\\/#breadcrumb\"},\"inLanguage\":\"en-US\",\"potentialAction\":[{\"@type\":\"ReadAction\",\"target\":[\"https:\\\/\\\/barrel-trading.com\\\/impressum\\\/\"]}]},{\"@type\":\"BreadcrumbList\",\"@id\":\"https:\\\/\\\/barrel-trading.com\\\/impressum\\\/#breadcrumb\",\"itemListElement\":[{\"@type\":\"ListItem\",\"position\":1,\"name\":\"Home\",\"item\":\"https:\\\/\\\/barrel-trading.com\\\/\"},{\"@type\":\"ListItem\",\"position\":2,\"name\":\"Impressum\"}]},{\"@type\":\"WebSite\",\"@id\":\"https:\\\/\\\/barrel-trading.com\\\/#website\",\"url\":\"https:\\\/\\\/barrel-trading.com\\\/\",\"name\":\"Barrel Trading GmbH &amp; Co. KG\",\"description\":\"Gro\u00dfhandel f\u00fcr IBC Tanks &amp; IBC Zubeh\u00f6r: Wir bieten Ihnen ein gro\u00dfes Sortiment an IBC Tanks und IBC Zubeh\u00f6r, wie IBC Adapter, IBC Schlauchanschl\u00fcsse, IBC Auslaufstutzen, IBC UV-Folie uvm.\",\"publisher\":{\"@id\":\"https:\\\/\\\/barrel-trading.com\\\/#organization\"},\"potentialAction\":[{\"@type\":\"SearchAction\",\"target\":{\"@type\":\"EntryPoint\",\"urlTemplate\":\"https:\\\/\\\/barrel-trading.com\\\/?s={search_term_string}\"},\"query-input\":{\"@type\":\"PropertyValueSpecification\",\"valueRequired\":true,\"valueName\":\"search_term_string\"}}],\"inLanguage\":\"en-US\"},{\"@type\":\"Organization\",\"@id\":\"https:\\\/\\\/barrel-trading.com\\\/#organization\",\"name\":\"Barrel Trading GmbH &amp; Co. KG\",\"url\":\"https:\\\/\\\/barrel-trading.com\\\/\",\"logo\":{\"@type\":\"ImageObject\",\"inLanguage\":\"en-US\",\"@id\":\"https:\\\/\\\/barrel-trading.com\\\/#\\\/schema\\\/logo\\\/image\\\/\",\"url\":\"https:\\\/\\\/barrel-trading.com\\\/wp-content\\\/uploads\\\/2017\\\/11\\\/LOGO-BTol1.svg\",\"contentUrl\":\"https:\\\/\\\/barrel-trading.com\\\/wp-content\\\/uploads\\\/2017\\\/11\\\/LOGO-BTol1.svg\",\"caption\":\"Barrel Trading GmbH &amp; Co. KG\"},\"image\":{\"@id\":\"https:\\\/\\\/barrel-trading.com\\\/#\\\/schema\\\/logo\\\/image\\\/\"}}]}<\/script>\n<!-- \/ Yoast SEO plugin. -->","yoast_head_json":{"title":"Impressum | Barrel Trading GmbH &amp; Co. KG","robots":{"index":"index","follow":"follow","max-snippet":"max-snippet:-1","max-image-preview":"max-image-preview:large","max-video-preview":"max-video-preview:-1"},"canonical":"https:\/\/barrel-trading.com\/en\/impressum\/","twitter_misc":{"Est. reading time":"1 minute"},"schema":{"@context":"https:\/\/schema.org","@graph":[{"@type":"WebPage","@id":"https:\/\/barrel-trading.com\/impressum\/","url":"https:\/\/barrel-trading.com\/impressum\/","name":"Impressum | Barrel Trading GmbH &amp; Co. KG","isPartOf":{"@id":"https:\/\/barrel-trading.com\/#website"},"datePublished":"2013-08-28T18:00:12+00:00","dateModified":"2023-10-24T08:41:54+00:00","breadcrumb":{"@id":"https:\/\/barrel-trading.com\/impressum\/#breadcrumb"},"inLanguage":"en-US","potentialAction":[{"@type":"ReadAction","target":["https:\/\/barrel-trading.com\/impressum\/"]}]},{"@type":"BreadcrumbList","@id":"https:\/\/barrel-trading.com\/impressum\/#breadcrumb","itemListElement":[{"@type":"ListItem","position":1,"name":"Home","item":"https:\/\/barrel-trading.com\/"},{"@type":"ListItem","position":2,"name":"Impressum"}]},{"@type":"WebSite","@id":"https:\/\/barrel-trading.com\/#website","url":"https:\/\/barrel-trading.com\/","name":"Barrel Trading GmbH &amp; Co. KG","description":"Gro\u00dfhandel f\u00fcr IBC Tanks &amp; IBC Zubeh\u00f6r: Wir bieten Ihnen ein gro\u00dfes Sortiment an IBC Tanks und IBC Zubeh\u00f6r, wie IBC Adapter, IBC Schlauchanschl\u00fcsse, IBC Auslaufstutzen, IBC UV-Folie uvm.","publisher":{"@id":"https:\/\/barrel-trading.com\/#organization"},"potentialAction":[{"@type":"SearchAction","target":{"@type":"EntryPoint","urlTemplate":"https:\/\/barrel-trading.com\/?s={search_term_string}"},"query-input":{"@type":"PropertyValueSpecification","valueRequired":true,"valueName":"search_term_string"}}],"inLanguage":"en-US"},{"@type":"Organization","@id":"https:\/\/barrel-trading.com\/#organization","name":"Barrel Trading GmbH &amp; Co. KG","url":"https:\/\/barrel-trading.com\/","logo":{"@type":"ImageObject","inLanguage":"en-US","@id":"https:\/\/barrel-trading.com\/#\/schema\/logo\/image\/","url":"https:\/\/barrel-trading.com\/wp-content\/uploads\/2017\/11\/LOGO-BTol1.svg","contentUrl":"https:\/\/barrel-trading.com\/wp-content\/uploads\/2017\/11\/LOGO-BTol1.svg","caption":"Barrel Trading GmbH &amp; Co. KG"},"image":{"@id":"https:\/\/barrel-trading.com\/#\/schema\/logo\/image\/"}}]}},"jetpack_sharing_enabled":true,"_links":{"self":[{"href":"https:\/\/barrel-trading.com\/en\/wp-json\/wp\/v2\/pages\/236","targetHints":{"allow":["GET"]}}],"collection":[{"href":"https:\/\/barrel-trading.com\/en\/wp-json\/wp\/v2\/pages"}],"about":[{"href":"https:\/\/barrel-trading.com\/en\/wp-json\/wp\/v2\/types\/page"}],"author":[{"embeddable":true,"href":"https:\/\/barrel-trading.com\/en\/wp-json\/wp\/v2\/users\/1"}],"replies":[{"embeddable":true,"href":"https:\/\/barrel-trading.com\/en\/wp-json\/wp\/v2\/comments?post=236"}],"version-history":[{"count":7,"href":"https:\/\/barrel-trading.com\/en\/wp-json\/wp\/v2\/pages\/236\/revisions"}],"predecessor-version":[{"id":1900,"href":"https:\/\/barrel-trading.com\/en\/wp-json\/wp\/v2\/pages\/236\/revisions\/1900"}],"wp:attachment":[{"href":"https:\/\/barrel-trading.com\/en\/wp-json\/wp\/v2\/media?parent=236"}],"curies":[{"name":"wp","href":"https:\/\/api.w.org\/{rel}","templated":true}]}}