{"id":225,"date":"2013-08-28T19:29:23","date_gmt":"2013-08-28T17:29:23","guid":{"rendered":"http:\/\/bt-components.com\/?page_id=225"},"modified":"2024-07-31T16:13:36","modified_gmt":"2024-07-31T14:13:36","slug":"kontakt","status":"publish","type":"page","link":"https:\/\/barrel-trading.com\/en\/kontakt\/","title":{"rendered":"contact"},"content":{"rendered":"<p>Mail: info (at) barrel-trading.com<\/p>\n\n\n\n<p>Fon: <strong>+49 (0) 7971 9649 &#8211; 96 <\/strong><em>(Mo-Fr 8-12 am + 1-4 pm)<\/em><\/p>\n\n\n\n<p>Fax: <strong>+49 (0) 7971 9649 &#8211; 97<\/strong><\/p>\n\n\n\n<div style=\"height:100px\" aria-hidden=\"true\" class=\"wp-block-spacer\"><\/div>\n\n\n\n<hr class=\"wp-block-separator has-alpha-channel-opacity\"\/>\n\n\n\n<div class=\"wp-block-contact-form-7-contact-form-selector\">\n<div class=\"wpcf7 no-js\" id=\"wpcf7-f1648-o1\" lang=\"de-DE\" dir=\"ltr\" data-wpcf7-id=\"1648\">\n<div class=\"screen-reader-response\"><p role=\"status\" aria-live=\"polite\" aria-atomic=\"true\"><\/p> <ul><\/ul><\/div>\n<form action=\"\/en\/wp-json\/wp\/v2\/pages\/225#wpcf7-f1648-o1\" method=\"post\" class=\"wpcf7-form init\" aria-label=\"Kontaktformular\" novalidate=\"novalidate\" data-status=\"init\" data-trp-original-action=\"\/en\/wp-json\/wp\/v2\/pages\/225#wpcf7-f1648-o1\">\n<fieldset class=\"hidden-fields-container\"><input type=\"hidden\" name=\"_wpcf7\" value=\"1648\" \/><input type=\"hidden\" name=\"_wpcf7_version\" value=\"6.1.5\" \/><input type=\"hidden\" name=\"_wpcf7_locale\" value=\"de_DE\" \/><input type=\"hidden\" name=\"_wpcf7_unit_tag\" value=\"wpcf7-f1648-o1\" \/><input type=\"hidden\" name=\"_wpcf7_container_post\" value=\"0\" \/><input type=\"hidden\" name=\"_wpcf7_posted_data_hash\" value=\"\" \/><input type=\"hidden\" name=\"_wpcf7_recaptcha_response\" value=\"\" \/>\n<\/fieldset>\n<p><label> Company (mandatory)<br \/>\n<span class=\"wpcf7-form-control-wrap\" data-name=\"company\"><input size=\"40\" maxlength=\"400\" class=\"wpcf7-form-control wpcf7-text wpcf7-validates-as-required\" aria-required=\"true\" aria-invalid=\"false\" value=\"\" type=\"text\" name=\"company\" \/><\/span> <\/label>\n<\/p>\n<p><label> Contact person (mandatory)<br \/>\n<span class=\"wpcf7-form-control-wrap\" data-name=\"your-name\"><input size=\"40\" maxlength=\"400\" class=\"wpcf7-form-control wpcf7-text wpcf7-validates-as-required\" aria-required=\"true\" aria-invalid=\"false\" value=\"\" type=\"text\" name=\"your-name\" \/><\/span> <\/label>\n<\/p>\n<p><label> E-mail address (mandatory)<br \/>\n<span class=\"wpcf7-form-control-wrap\" data-name=\"your-email\"><input size=\"40\" maxlength=\"400\" class=\"wpcf7-form-control wpcf7-email wpcf7-validates-as-required wpcf7-text wpcf7-validates-as-email\" aria-required=\"true\" aria-invalid=\"false\" value=\"\" type=\"email\" name=\"your-email\" \/><\/span> <\/label>\n<\/p>\n<p><label> Telephone no. (optional)<br \/>\n<span class=\"wpcf7-form-control-wrap\" data-name=\"phone\"><input size=\"40\" maxlength=\"400\" class=\"wpcf7-form-control wpcf7-tel wpcf7-text wpcf7-validates-as-tel\" aria-invalid=\"false\" value=\"\" type=\"tel\" name=\"phone\" \/><\/span> <\/label>\n<\/p>\n<p><label> Subject (mandatory)<br \/>\n<span class=\"wpcf7-form-control-wrap\" data-name=\"your-subject\"><input size=\"40\" maxlength=\"400\" class=\"wpcf7-form-control wpcf7-text wpcf7-validates-as-required\" aria-required=\"true\" aria-invalid=\"false\" value=\"\" type=\"text\" name=\"your-subject\" \/><\/span> <\/label>\n<\/p>\n<p><label> Your message (mandatory)<br \/>\n<span class=\"wpcf7-form-control-wrap\" data-name=\"your-message\"><textarea cols=\"40\" rows=\"10\" maxlength=\"2000\" class=\"wpcf7-form-control wpcf7-textarea\" aria-invalid=\"false\" name=\"your-message\"><\/textarea><\/span> <\/label>\n<\/p>\n<p><label> Data protection<br \/>\n<span class=\"wpcf7-form-control-wrap\" data-name=\"data-privacy\"><span class=\"wpcf7-form-control wpcf7-acceptance\"><span class=\"wpcf7-list-item\"><label><input type=\"checkbox\" name=\"data-privacy\" value=\"1\" aria-invalid=\"false\" \/><span class=\"wpcf7-list-item-label\">I have read the <a href=\"\/en\/datenschutz\/\" target=\"_blank\">Data protection policy<\/a> and accept them<\/span><\/label><\/span><\/span><\/span> <\/label><br \/>\n<input class=\"wpcf7-form-control wpcf7-submit has-spinner\" type=\"submit\" value=\"send\" \/>\n<\/p><div class=\"wpcf7-response-output\" aria-hidden=\"true\"><\/div>\n<input type=\"hidden\" name=\"trp-form-language\" value=\"en\"\/><\/form>\n<\/div>\n<\/div>","protected":false},"excerpt":{"rendered":"<p>Mail: info (at) barrel-trading.com Fon: +49 (0) 7971 9649 &#8211; 96 (Mo-Fr 8-12 + 13-16 Uhr) Fax: +49 (0) 7971 9649 &#8211; 97<\/p>","protected":false},"author":1,"featured_media":1948,"parent":0,"menu_order":0,"comment_status":"closed","ping_status":"closed","template":"","meta":{"footnotes":""},"class_list":["post-225","page","type-page","status-publish","has-post-thumbnail","hentry"],"yoast_head":"<!-- This site is optimized with the Yoast SEO plugin v27.5 - https:\/\/yoast.com\/product\/yoast-seo-wordpress\/ -->\n<title>Kontakt | Barrel Trading GmbH &amp; Co. KG<\/title>\n<meta name=\"robots\" content=\"index, follow, max-snippet:-1, max-image-preview:large, max-video-preview:-1\" \/>\n<link rel=\"canonical\" href=\"https:\/\/barrel-trading.com\/en\/kontakt\/\" \/>\n<meta name=\"twitter:label1\" content=\"Est. reading time\" \/>\n\t<meta name=\"twitter:data1\" content=\"1 minute\" \/>\n<script type=\"application\/ld+json\" class=\"yoast-schema-graph\">{\"@context\":\"https:\\\/\\\/schema.org\",\"@graph\":[{\"@type\":\"WebPage\",\"@id\":\"https:\\\/\\\/barrel-trading.com\\\/kontakt\\\/\",\"url\":\"https:\\\/\\\/barrel-trading.com\\\/kontakt\\\/\",\"name\":\"Kontakt | Barrel Trading GmbH &amp; Co. KG\",\"isPartOf\":{\"@id\":\"https:\\\/\\\/barrel-trading.com\\\/#website\"},\"primaryImageOfPage\":{\"@id\":\"https:\\\/\\\/barrel-trading.com\\\/kontakt\\\/#primaryimage\"},\"image\":{\"@id\":\"https:\\\/\\\/barrel-trading.com\\\/kontakt\\\/#primaryimage\"},\"thumbnailUrl\":\"https:\\\/\\\/barrel-trading.com\\\/wp-content\\\/uploads\\\/2024\\\/07\\\/email-6370595_1280.jpg\",\"datePublished\":\"2013-08-28T17:29:23+00:00\",\"dateModified\":\"2024-07-31T14:13:36+00:00\",\"breadcrumb\":{\"@id\":\"https:\\\/\\\/barrel-trading.com\\\/kontakt\\\/#breadcrumb\"},\"inLanguage\":\"en-US\",\"potentialAction\":[{\"@type\":\"ReadAction\",\"target\":[\"https:\\\/\\\/barrel-trading.com\\\/kontakt\\\/\"]}]},{\"@type\":\"ImageObject\",\"inLanguage\":\"en-US\",\"@id\":\"https:\\\/\\\/barrel-trading.com\\\/kontakt\\\/#primaryimage\",\"url\":\"https:\\\/\\\/barrel-trading.com\\\/wp-content\\\/uploads\\\/2024\\\/07\\\/email-6370595_1280.jpg\",\"contentUrl\":\"https:\\\/\\\/barrel-trading.com\\\/wp-content\\\/uploads\\\/2024\\\/07\\\/email-6370595_1280.jpg\",\"width\":1280,\"height\":658},{\"@type\":\"BreadcrumbList\",\"@id\":\"https:\\\/\\\/barrel-trading.com\\\/kontakt\\\/#breadcrumb\",\"itemListElement\":[{\"@type\":\"ListItem\",\"position\":1,\"name\":\"Home\",\"item\":\"https:\\\/\\\/barrel-trading.com\\\/\"},{\"@type\":\"ListItem\",\"position\":2,\"name\":\"Kontakt\"}]},{\"@type\":\"WebSite\",\"@id\":\"https:\\\/\\\/barrel-trading.com\\\/#website\",\"url\":\"https:\\\/\\\/barrel-trading.com\\\/\",\"name\":\"Barrel Trading GmbH &amp; Co. KG\",\"description\":\"Gro\u00dfhandel f\u00fcr IBC Tanks &amp; IBC Zubeh\u00f6r: Wir bieten Ihnen ein gro\u00dfes Sortiment an IBC Tanks und IBC Zubeh\u00f6r, wie IBC Adapter, IBC Schlauchanschl\u00fcsse, IBC Auslaufstutzen, IBC UV-Folie uvm.\",\"publisher\":{\"@id\":\"https:\\\/\\\/barrel-trading.com\\\/#organization\"},\"potentialAction\":[{\"@type\":\"SearchAction\",\"target\":{\"@type\":\"EntryPoint\",\"urlTemplate\":\"https:\\\/\\\/barrel-trading.com\\\/?s={search_term_string}\"},\"query-input\":{\"@type\":\"PropertyValueSpecification\",\"valueRequired\":true,\"valueName\":\"search_term_string\"}}],\"inLanguage\":\"en-US\"},{\"@type\":\"Organization\",\"@id\":\"https:\\\/\\\/barrel-trading.com\\\/#organization\",\"name\":\"Barrel Trading GmbH &amp; Co. KG\",\"url\":\"https:\\\/\\\/barrel-trading.com\\\/\",\"logo\":{\"@type\":\"ImageObject\",\"inLanguage\":\"en-US\",\"@id\":\"https:\\\/\\\/barrel-trading.com\\\/#\\\/schema\\\/logo\\\/image\\\/\",\"url\":\"https:\\\/\\\/barrel-trading.com\\\/wp-content\\\/uploads\\\/2017\\\/11\\\/LOGO-BTol1.svg\",\"contentUrl\":\"https:\\\/\\\/barrel-trading.com\\\/wp-content\\\/uploads\\\/2017\\\/11\\\/LOGO-BTol1.svg\",\"caption\":\"Barrel Trading GmbH &amp; Co. KG\"},\"image\":{\"@id\":\"https:\\\/\\\/barrel-trading.com\\\/#\\\/schema\\\/logo\\\/image\\\/\"}}]}<\/script>\n<!-- \/ Yoast SEO plugin. -->","yoast_head_json":{"title":"Kontakt | Barrel Trading GmbH &amp; Co. KG","robots":{"index":"index","follow":"follow","max-snippet":"max-snippet:-1","max-image-preview":"max-image-preview:large","max-video-preview":"max-video-preview:-1"},"canonical":"https:\/\/barrel-trading.com\/en\/kontakt\/","twitter_misc":{"Est. reading time":"1 minute"},"schema":{"@context":"https:\/\/schema.org","@graph":[{"@type":"WebPage","@id":"https:\/\/barrel-trading.com\/kontakt\/","url":"https:\/\/barrel-trading.com\/kontakt\/","name":"Kontakt | Barrel Trading GmbH &amp; Co. KG","isPartOf":{"@id":"https:\/\/barrel-trading.com\/#website"},"primaryImageOfPage":{"@id":"https:\/\/barrel-trading.com\/kontakt\/#primaryimage"},"image":{"@id":"https:\/\/barrel-trading.com\/kontakt\/#primaryimage"},"thumbnailUrl":"https:\/\/barrel-trading.com\/wp-content\/uploads\/2024\/07\/email-6370595_1280.jpg","datePublished":"2013-08-28T17:29:23+00:00","dateModified":"2024-07-31T14:13:36+00:00","breadcrumb":{"@id":"https:\/\/barrel-trading.com\/kontakt\/#breadcrumb"},"inLanguage":"en-US","potentialAction":[{"@type":"ReadAction","target":["https:\/\/barrel-trading.com\/kontakt\/"]}]},{"@type":"ImageObject","inLanguage":"en-US","@id":"https:\/\/barrel-trading.com\/kontakt\/#primaryimage","url":"https:\/\/barrel-trading.com\/wp-content\/uploads\/2024\/07\/email-6370595_1280.jpg","contentUrl":"https:\/\/barrel-trading.com\/wp-content\/uploads\/2024\/07\/email-6370595_1280.jpg","width":1280,"height":658},{"@type":"BreadcrumbList","@id":"https:\/\/barrel-trading.com\/kontakt\/#breadcrumb","itemListElement":[{"@type":"ListItem","position":1,"name":"Home","item":"https:\/\/barrel-trading.com\/"},{"@type":"ListItem","position":2,"name":"Kontakt"}]},{"@type":"WebSite","@id":"https:\/\/barrel-trading.com\/#website","url":"https:\/\/barrel-trading.com\/","name":"Barrel Trading GmbH &amp; Co. KG","description":"Gro\u00dfhandel f\u00fcr IBC Tanks &amp; IBC Zubeh\u00f6r: Wir bieten Ihnen ein gro\u00dfes Sortiment an IBC Tanks und IBC Zubeh\u00f6r, wie IBC Adapter, IBC Schlauchanschl\u00fcsse, IBC Auslaufstutzen, IBC UV-Folie uvm.","publisher":{"@id":"https:\/\/barrel-trading.com\/#organization"},"potentialAction":[{"@type":"SearchAction","target":{"@type":"EntryPoint","urlTemplate":"https:\/\/barrel-trading.com\/?s={search_term_string}"},"query-input":{"@type":"PropertyValueSpecification","valueRequired":true,"valueName":"search_term_string"}}],"inLanguage":"en-US"},{"@type":"Organization","@id":"https:\/\/barrel-trading.com\/#organization","name":"Barrel Trading GmbH &amp; Co. KG","url":"https:\/\/barrel-trading.com\/","logo":{"@type":"ImageObject","inLanguage":"en-US","@id":"https:\/\/barrel-trading.com\/#\/schema\/logo\/image\/","url":"https:\/\/barrel-trading.com\/wp-content\/uploads\/2017\/11\/LOGO-BTol1.svg","contentUrl":"https:\/\/barrel-trading.com\/wp-content\/uploads\/2017\/11\/LOGO-BTol1.svg","caption":"Barrel Trading GmbH &amp; Co. KG"},"image":{"@id":"https:\/\/barrel-trading.com\/#\/schema\/logo\/image\/"}}]}},"jetpack_sharing_enabled":true,"_links":{"self":[{"href":"https:\/\/barrel-trading.com\/en\/wp-json\/wp\/v2\/pages\/225","targetHints":{"allow":["GET"]}}],"collection":[{"href":"https:\/\/barrel-trading.com\/en\/wp-json\/wp\/v2\/pages"}],"about":[{"href":"https:\/\/barrel-trading.com\/en\/wp-json\/wp\/v2\/types\/page"}],"author":[{"embeddable":true,"href":"https:\/\/barrel-trading.com\/en\/wp-json\/wp\/v2\/users\/1"}],"replies":[{"embeddable":true,"href":"https:\/\/barrel-trading.com\/en\/wp-json\/wp\/v2\/comments?post=225"}],"version-history":[{"count":19,"href":"https:\/\/barrel-trading.com\/en\/wp-json\/wp\/v2\/pages\/225\/revisions"}],"predecessor-version":[{"id":2048,"href":"https:\/\/barrel-trading.com\/en\/wp-json\/wp\/v2\/pages\/225\/revisions\/2048"}],"wp:featuredmedia":[{"embeddable":true,"href":"https:\/\/barrel-trading.com\/en\/wp-json\/wp\/v2\/media\/1948"}],"wp:attachment":[{"href":"https:\/\/barrel-trading.com\/en\/wp-json\/wp\/v2\/media?parent=225"}],"curies":[{"name":"wp","href":"https:\/\/api.w.org\/{rel}","templated":true}]}}