{"id":1692,"date":"2021-01-14T11:25:55","date_gmt":"2021-01-14T09:25:55","guid":{"rendered":"https:\/\/barrel-trading.com\/?page_id=1692"},"modified":"2024-07-04T13:50:06","modified_gmt":"2024-07-04T11:50:06","slug":"jobs","status":"publish","type":"page","link":"https:\/\/barrel-trading.com\/en\/jobs\/","title":{"rendered":"Jobs"},"content":{"rendered":"<div class=\"wp-block-file\"><a id=\"wp-block-file--media-29191717-0dbe-4a9b-930e-1ad9858a35bb\" href=\"https:\/\/barrel-trading.com\/wp-content\/uploads\/2022\/05\/Kaufm.-Mitarbeiter-m-w-d-Vertriebsinnendienst.pdf\">Kaufm.-Mitarbeiter-m-w-d-Vertriebsinnendienst<\/a><a href=\"https:\/\/barrel-trading.com\/wp-content\/uploads\/2022\/05\/Kaufm.-Mitarbeiter-m-w-d-Vertriebsinnendienst.pdf\" class=\"wp-block-file__button wp-element-button\" download aria-describedby=\"wp-block-file--media-29191717-0dbe-4a9b-930e-1ad9858a35bb\">Herunterladen<\/a><\/div>\n\n\n\n<div class=\"wp-block-file\"><a id=\"wp-block-file--media-ec3616c9-6777-48be-9858-f533b98d62bd\" href=\"https:\/\/barrel-trading.com\/wp-content\/uploads\/2022\/10\/Werkstudent-m-w-d-Bereich-Online-u.-Printmedien-sowie-Online-Marketing-u.-Content.pdf\">Werkstudent-m-w-d-Bereich-Online-u.-Printmedien-sowie-Online-Marketing-u.-Content<\/a><a href=\"https:\/\/barrel-trading.com\/wp-content\/uploads\/2022\/10\/Werkstudent-m-w-d-Bereich-Online-u.-Printmedien-sowie-Online-Marketing-u.-Content.pdf\" class=\"wp-block-file__button wp-element-button\" download aria-describedby=\"wp-block-file--media-ec3616c9-6777-48be-9858-f533b98d62bd\">Herunterladen<\/a><\/div>","protected":false},"excerpt":{"rendered":"","protected":false},"author":1,"featured_media":0,"parent":0,"menu_order":0,"comment_status":"closed","ping_status":"closed","template":"","meta":{"footnotes":""},"class_list":["post-1692","page","type-page","status-publish","hentry"],"yoast_head":"<!-- This site is optimized with the Yoast SEO plugin v27.4 - https:\/\/yoast.com\/product\/yoast-seo-wordpress\/ -->\n<title>Jobs | Barrel Trading GmbH &amp; Co. KG<\/title>\n<meta name=\"description\" content=\"Arbeiten bei der Barrel Trading GmbH &amp; Co. KG - jetzt offene Stellen einsehen und direkt bewerben. Komm ins Team und werde ein Teil von uns!\" \/>\n<meta name=\"robots\" content=\"index, follow, max-snippet:-1, max-image-preview:large, max-video-preview:-1\" \/>\n<link rel=\"canonical\" href=\"https:\/\/barrel-trading.com\/en\/jobs\/\" \/>\n<meta name=\"twitter:label1\" content=\"Est. reading time\" \/>\n\t<meta name=\"twitter:data1\" content=\"1 minute\" \/>\n<script type=\"application\/ld+json\" class=\"yoast-schema-graph\">{\"@context\":\"https:\\\/\\\/schema.org\",\"@graph\":[{\"@type\":\"WebPage\",\"@id\":\"https:\\\/\\\/barrel-trading.com\\\/jobs\\\/\",\"url\":\"https:\\\/\\\/barrel-trading.com\\\/jobs\\\/\",\"name\":\"Jobs | Barrel Trading GmbH &amp; Co. KG\",\"isPartOf\":{\"@id\":\"https:\\\/\\\/barrel-trading.com\\\/#website\"},\"datePublished\":\"2021-01-14T09:25:55+00:00\",\"dateModified\":\"2024-07-04T11:50:06+00:00\",\"description\":\"Arbeiten bei der Barrel Trading GmbH & Co. KG - jetzt offene Stellen einsehen und direkt bewerben. Komm ins Team und werde ein Teil von uns!\",\"breadcrumb\":{\"@id\":\"https:\\\/\\\/barrel-trading.com\\\/jobs\\\/#breadcrumb\"},\"inLanguage\":\"en-US\",\"potentialAction\":[{\"@type\":\"ReadAction\",\"target\":[\"https:\\\/\\\/barrel-trading.com\\\/jobs\\\/\"]}]},{\"@type\":\"BreadcrumbList\",\"@id\":\"https:\\\/\\\/barrel-trading.com\\\/jobs\\\/#breadcrumb\",\"itemListElement\":[{\"@type\":\"ListItem\",\"position\":1,\"name\":\"Home\",\"item\":\"https:\\\/\\\/barrel-trading.com\\\/\"},{\"@type\":\"ListItem\",\"position\":2,\"name\":\"Jobs\"}]},{\"@type\":\"WebSite\",\"@id\":\"https:\\\/\\\/barrel-trading.com\\\/#website\",\"url\":\"https:\\\/\\\/barrel-trading.com\\\/\",\"name\":\"Barrel Trading GmbH &amp; Co. KG\",\"description\":\"Gro\u00dfhandel f\u00fcr IBC Tanks &amp; IBC Zubeh\u00f6r: Wir bieten Ihnen ein gro\u00dfes Sortiment an IBC Tanks und IBC Zubeh\u00f6r, wie IBC Adapter, IBC Schlauchanschl\u00fcsse, IBC Auslaufstutzen, IBC UV-Folie uvm.\",\"publisher\":{\"@id\":\"https:\\\/\\\/barrel-trading.com\\\/#organization\"},\"potentialAction\":[{\"@type\":\"SearchAction\",\"target\":{\"@type\":\"EntryPoint\",\"urlTemplate\":\"https:\\\/\\\/barrel-trading.com\\\/?s={search_term_string}\"},\"query-input\":{\"@type\":\"PropertyValueSpecification\",\"valueRequired\":true,\"valueName\":\"search_term_string\"}}],\"inLanguage\":\"en-US\"},{\"@type\":\"Organization\",\"@id\":\"https:\\\/\\\/barrel-trading.com\\\/#organization\",\"name\":\"Barrel Trading GmbH &amp; Co. KG\",\"url\":\"https:\\\/\\\/barrel-trading.com\\\/\",\"logo\":{\"@type\":\"ImageObject\",\"inLanguage\":\"en-US\",\"@id\":\"https:\\\/\\\/barrel-trading.com\\\/#\\\/schema\\\/logo\\\/image\\\/\",\"url\":\"https:\\\/\\\/barrel-trading.com\\\/wp-content\\\/uploads\\\/2017\\\/11\\\/LOGO-BTol1.svg\",\"contentUrl\":\"https:\\\/\\\/barrel-trading.com\\\/wp-content\\\/uploads\\\/2017\\\/11\\\/LOGO-BTol1.svg\",\"caption\":\"Barrel Trading GmbH &amp; Co. KG\"},\"image\":{\"@id\":\"https:\\\/\\\/barrel-trading.com\\\/#\\\/schema\\\/logo\\\/image\\\/\"}}]}<\/script>\n<!-- \/ Yoast SEO plugin. -->","yoast_head_json":{"title":"Jobs | Barrel Trading GmbH &amp; Co. KG","description":"Arbeiten bei der Barrel Trading GmbH & Co. KG - jetzt offene Stellen einsehen und direkt bewerben. Komm ins Team und werde ein Teil von uns!","robots":{"index":"index","follow":"follow","max-snippet":"max-snippet:-1","max-image-preview":"max-image-preview:large","max-video-preview":"max-video-preview:-1"},"canonical":"https:\/\/barrel-trading.com\/en\/jobs\/","twitter_misc":{"Est. reading time":"1 minute"},"schema":{"@context":"https:\/\/schema.org","@graph":[{"@type":"WebPage","@id":"https:\/\/barrel-trading.com\/jobs\/","url":"https:\/\/barrel-trading.com\/jobs\/","name":"Jobs | Barrel Trading GmbH &amp; Co. KG","isPartOf":{"@id":"https:\/\/barrel-trading.com\/#website"},"datePublished":"2021-01-14T09:25:55+00:00","dateModified":"2024-07-04T11:50:06+00:00","description":"Arbeiten bei der Barrel Trading GmbH & Co. KG - jetzt offene Stellen einsehen und direkt bewerben. Komm ins Team und werde ein Teil von uns!","breadcrumb":{"@id":"https:\/\/barrel-trading.com\/jobs\/#breadcrumb"},"inLanguage":"en-US","potentialAction":[{"@type":"ReadAction","target":["https:\/\/barrel-trading.com\/jobs\/"]}]},{"@type":"BreadcrumbList","@id":"https:\/\/barrel-trading.com\/jobs\/#breadcrumb","itemListElement":[{"@type":"ListItem","position":1,"name":"Home","item":"https:\/\/barrel-trading.com\/"},{"@type":"ListItem","position":2,"name":"Jobs"}]},{"@type":"WebSite","@id":"https:\/\/barrel-trading.com\/#website","url":"https:\/\/barrel-trading.com\/","name":"Barrel Trading GmbH &amp; Co. KG","description":"Gro\u00dfhandel f\u00fcr IBC Tanks &amp; IBC Zubeh\u00f6r: Wir bieten Ihnen ein gro\u00dfes Sortiment an IBC Tanks und IBC Zubeh\u00f6r, wie IBC Adapter, IBC Schlauchanschl\u00fcsse, IBC Auslaufstutzen, IBC UV-Folie uvm.","publisher":{"@id":"https:\/\/barrel-trading.com\/#organization"},"potentialAction":[{"@type":"SearchAction","target":{"@type":"EntryPoint","urlTemplate":"https:\/\/barrel-trading.com\/?s={search_term_string}"},"query-input":{"@type":"PropertyValueSpecification","valueRequired":true,"valueName":"search_term_string"}}],"inLanguage":"en-US"},{"@type":"Organization","@id":"https:\/\/barrel-trading.com\/#organization","name":"Barrel Trading GmbH &amp; Co. KG","url":"https:\/\/barrel-trading.com\/","logo":{"@type":"ImageObject","inLanguage":"en-US","@id":"https:\/\/barrel-trading.com\/#\/schema\/logo\/image\/","url":"https:\/\/barrel-trading.com\/wp-content\/uploads\/2017\/11\/LOGO-BTol1.svg","contentUrl":"https:\/\/barrel-trading.com\/wp-content\/uploads\/2017\/11\/LOGO-BTol1.svg","caption":"Barrel Trading GmbH &amp; Co. KG"},"image":{"@id":"https:\/\/barrel-trading.com\/#\/schema\/logo\/image\/"}}]}},"jetpack_sharing_enabled":true,"_links":{"self":[{"href":"https:\/\/barrel-trading.com\/en\/wp-json\/wp\/v2\/pages\/1692","targetHints":{"allow":["GET"]}}],"collection":[{"href":"https:\/\/barrel-trading.com\/en\/wp-json\/wp\/v2\/pages"}],"about":[{"href":"https:\/\/barrel-trading.com\/en\/wp-json\/wp\/v2\/types\/page"}],"author":[{"embeddable":true,"href":"https:\/\/barrel-trading.com\/en\/wp-json\/wp\/v2\/users\/1"}],"replies":[{"embeddable":true,"href":"https:\/\/barrel-trading.com\/en\/wp-json\/wp\/v2\/comments?post=1692"}],"version-history":[{"count":18,"href":"https:\/\/barrel-trading.com\/en\/wp-json\/wp\/v2\/pages\/1692\/revisions"}],"predecessor-version":[{"id":1916,"href":"https:\/\/barrel-trading.com\/en\/wp-json\/wp\/v2\/pages\/1692\/revisions\/1916"}],"wp:attachment":[{"href":"https:\/\/barrel-trading.com\/en\/wp-json\/wp\/v2\/media?parent=1692"}],"curies":[{"name":"wp","href":"https:\/\/api.w.org\/{rel}","templated":true}]}}